{"id":1894,"date":"2025-10-09T10:01:39","date_gmt":"2025-10-09T08:01:39","guid":{"rendered":"https:\/\/smr13filmfestival.com\/?post_type=product&#038;p=1894"},"modified":"2025-11-24T14:31:52","modified_gmt":"2025-11-24T13:31:52","slug":"badge-23-novembre","status":"publish","type":"product","link":"https:\/\/smr13filmfestival.com\/en\/product\/badge-23-novembre\/","title":{"rendered":"Badge 23 Novembre"},"content":{"rendered":"<p><b>Badge d&rsquo;acc\u00e8s \u00e0 la journ\u00e9e de projections du 23 Novembre et c\u00e9r\u00e9monie de cl\u00f4ture<\/b><\/p>\n<p><strong>Inclus :<\/strong> 1 boisson offerte<\/p>\n<p>Les badges ne seront pas envoy\u00e9 par voie postale, ils sont \u00e0 r\u00e9cup\u00e9rer directement sur place au festival.<\/p>\n<p><em>Lors de l&rsquo;achat de votre pass pour le festival, vous avez la possibilit\u00e9 de soutenir encore davantage notre association. En choisissant de donner un peu plus que le tarif du pass, vous contribuez directement \u00e0 la r\u00e9alisation de nos projets, au soutien des artistes et \u00e0 l&rsquo;organisation d&rsquo;\u00e9v\u00e9nements culturels. Chaque don, m\u00eame modeste, fait une r\u00e9elle diff\u00e9rence et nous permet de continuer \u00e0 offrir des exp\u00e9riences uniques. Merci pour votre g\u00e9n\u00e9rosit\u00e9 et votre engagement \u00e0 nos c\u00f4t\u00e9s !<\/em><\/p>","protected":false},"excerpt":{"rendered":"<p><b>Badge d&rsquo;acc\u00e8s \u00e0 la journ\u00e9e de projections du 23 Novembre et c\u00e9r\u00e9monie de cl\u00f4ture<\/b><\/p>\n<p><strong>Inclus :<\/strong> 1 boisson offerte<\/p>\n<p>Les badges ne seront pas envoy\u00e9 par voie postale, ils sont \u00e0 r\u00e9cup\u00e9rer directement sur place au festival.<\/p>\n<p><em>Lors de l&rsquo;achat de votre pass pour le festival, vous avez la possibilit\u00e9 de soutenir encore davantage notre association. En choisissant de donner un peu plus que le tarif du pass, vous contribuez directement \u00e0 la r\u00e9alisation de nos projets, au soutien des artistes et \u00e0 l&rsquo;organisation d&rsquo;\u00e9v\u00e9nements culturels. Chaque don, m\u00eame modeste, fait une r\u00e9elle diff\u00e9rence et nous permet de continuer \u00e0 offrir des exp\u00e9riences uniques. Merci pour votre g\u00e9n\u00e9rosit\u00e9 et votre engagement \u00e0 nos c\u00f4t\u00e9s !<\/em><\/p>","protected":false},"featured_media":1882,"template":"","meta":{"_kad_post_transparent":"default","_kad_post_title":"","_kad_post_layout":"default","_kad_post_sidebar_id":"","_kad_post_content_style":"default","_kad_post_vertical_padding":"default","_kad_post_feature":"","_kad_post_feature_position":"","_kad_post_header":false,"_kad_post_footer":false,"_kad_post_classname":""},"product_brand":[],"product_cat":[61],"product_tag":[],"class_list":{"0":"post-1894","1":"product","2":"type-product","3":"status-publish","4":"has-post-thumbnail","6":"product_cat-ticket","8":"first","9":"outofstock","10":"purchasable","11":"product-type-variable","12":"entry","13":"content-bg","14":"loop-entry"},"_links":{"self":[{"href":"https:\/\/smr13filmfestival.com\/en\/wp-json\/wp\/v2\/product\/1894","targetHints":{"allow":["GET"]}}],"collection":[{"href":"https:\/\/smr13filmfestival.com\/en\/wp-json\/wp\/v2\/product"}],"about":[{"href":"https:\/\/smr13filmfestival.com\/en\/wp-json\/wp\/v2\/types\/product"}],"wp:featuredmedia":[{"embeddable":true,"href":"https:\/\/smr13filmfestival.com\/en\/wp-json\/wp\/v2\/media\/1882"}],"wp:attachment":[{"href":"https:\/\/smr13filmfestival.com\/en\/wp-json\/wp\/v2\/media?parent=1894"}],"wp:term":[{"taxonomy":"product_brand","embeddable":true,"href":"https:\/\/smr13filmfestival.com\/en\/wp-json\/wp\/v2\/product_brand?post=1894"},{"taxonomy":"product_cat","embeddable":true,"href":"https:\/\/smr13filmfestival.com\/en\/wp-json\/wp\/v2\/product_cat?post=1894"},{"taxonomy":"product_tag","embeddable":true,"href":"https:\/\/smr13filmfestival.com\/en\/wp-json\/wp\/v2\/product_tag?post=1894"}],"curies":[{"name":"wp","href":"https:\/\/api.w.org\/{rel}","templated":true}]}}