{"id":1732,"date":"2024-09-05T14:52:14","date_gmt":"2024-09-05T12:52:14","guid":{"rendered":"https:\/\/smr13filmfestival.com\/?post_type=product&#038;p=1732"},"modified":"2025-11-22T15:44:42","modified_gmt":"2025-11-22T14:44:42","slug":"badge-22-novembre","status":"publish","type":"product","link":"https:\/\/smr13filmfestival.com\/en\/product\/badge-22-novembre\/","title":{"rendered":"Badge 21 Novembre"},"content":{"rendered":"<p><b>Badge d&rsquo;acc\u00e8s \u00e0 la C\u00e9r\u00e9monie d&rsquo;Ouverture 21 Novembre &#8211; Tradition Spectaculaire et Magie du Cin\u00e9ma<\/b><\/p>\n<p>La c\u00e9r\u00e9monie d&rsquo;ouverture du festival est une tradition spectaculaire qui c\u00e9l\u00e8bre l&rsquo;esprit cr\u00e9atif du cin\u00e9ma ind\u00e9pendant. Elle transcende les normes protocolaires pour devenir une exp\u00e9rience cin\u00e9matographique \u00e0 part enti\u00e8re. Anim\u00e9e par tous les membres de l&rsquo;AFCI, la c\u00e9r\u00e9monie m\u00eale le glamour hollywoodien \u00e0 une touche fran\u00e7aise distinctive. Des performances enflamm\u00e9es d&rsquo;artistes talentueux ajoutent une \u00e9nergie dynamique \u00e0 l&rsquo;\u00e9v\u00e9nement. Un spectacle atypique qui, au fil du temps, est devenu une v\u00e9ritable signature inimitable.<\/p>\n<p><strong>Inclus :<\/strong> 1 boisson offerte<\/p>\n<p>Les badges ne seront pas envoy\u00e9 par voie postale, ils sont \u00e0 r\u00e9cup\u00e9rer directement sur place au festival.<\/p>\n<p><em>Lors de l&rsquo;achat de votre pass pour le festival, vous avez la possibilit\u00e9 de soutenir encore davantage notre association. En choisissant de donner un peu plus que le tarif du pass, vous contribuez directement \u00e0 la r\u00e9alisation de nos projets, au soutien des artistes et \u00e0 l&rsquo;organisation d&rsquo;\u00e9v\u00e9nements culturels. Chaque don, m\u00eame modeste, fait une r\u00e9elle diff\u00e9rence et nous permet de continuer \u00e0 offrir des exp\u00e9riences uniques. Merci pour votre g\u00e9n\u00e9rosit\u00e9 et votre engagement \u00e0 nos c\u00f4t\u00e9s !<\/em><\/p>","protected":false},"excerpt":{"rendered":"<p><b>Badge d&rsquo;acc\u00e8s \u00e0 la C\u00e9r\u00e9monie d&rsquo;Ouverture 21 Novembre &#8211; Tradition Spectaculaire et Magie du Cin\u00e9ma<\/b><\/p>\n<p><strong>Inclus :<\/strong> 1 boisson offerte<\/p>\n<p>Les badges ne seront pas envoy\u00e9 par voie postale, ils sont \u00e0 r\u00e9cup\u00e9rer directement sur place au festival.<\/p>\n<p><em>Lors de l&rsquo;achat de votre pass pour le festival, vous avez la possibilit\u00e9 de soutenir encore davantage notre association. En choisissant de donner un peu plus que le tarif du pass, vous contribuez directement \u00e0 la r\u00e9alisation de nos projets, au soutien des artistes et \u00e0 l&rsquo;organisation d&rsquo;\u00e9v\u00e9nements culturels. Chaque don, m\u00eame modeste, fait une r\u00e9elle diff\u00e9rence et nous permet de continuer \u00e0 offrir des exp\u00e9riences uniques. Merci pour votre g\u00e9n\u00e9rosit\u00e9 et votre engagement \u00e0 nos c\u00f4t\u00e9s !<\/em><\/p>","protected":false},"featured_media":1880,"template":"","meta":{"_kad_post_transparent":"default","_kad_post_title":"","_kad_post_layout":"default","_kad_post_sidebar_id":"","_kad_post_content_style":"default","_kad_post_vertical_padding":"default","_kad_post_feature":"","_kad_post_feature_position":"","_kad_post_header":false,"_kad_post_footer":false,"_kad_post_classname":""},"product_brand":[],"product_cat":[61],"product_tag":[],"class_list":{"0":"post-1732","1":"product","2":"type-product","3":"status-publish","4":"has-post-thumbnail","6":"product_cat-ticket","8":"first","9":"outofstock","10":"purchasable","11":"product-type-variable","12":"entry","13":"content-bg","14":"loop-entry"},"_links":{"self":[{"href":"https:\/\/smr13filmfestival.com\/en\/wp-json\/wp\/v2\/product\/1732","targetHints":{"allow":["GET"]}}],"collection":[{"href":"https:\/\/smr13filmfestival.com\/en\/wp-json\/wp\/v2\/product"}],"about":[{"href":"https:\/\/smr13filmfestival.com\/en\/wp-json\/wp\/v2\/types\/product"}],"wp:featuredmedia":[{"embeddable":true,"href":"https:\/\/smr13filmfestival.com\/en\/wp-json\/wp\/v2\/media\/1880"}],"wp:attachment":[{"href":"https:\/\/smr13filmfestival.com\/en\/wp-json\/wp\/v2\/media?parent=1732"}],"wp:term":[{"taxonomy":"product_brand","embeddable":true,"href":"https:\/\/smr13filmfestival.com\/en\/wp-json\/wp\/v2\/product_brand?post=1732"},{"taxonomy":"product_cat","embeddable":true,"href":"https:\/\/smr13filmfestival.com\/en\/wp-json\/wp\/v2\/product_cat?post=1732"},{"taxonomy":"product_tag","embeddable":true,"href":"https:\/\/smr13filmfestival.com\/en\/wp-json\/wp\/v2\/product_tag?post=1732"}],"curies":[{"name":"wp","href":"https:\/\/api.w.org\/{rel}","templated":true}]}}