{"id":1168,"date":"2022-12-22T13:32:22","date_gmt":"2022-12-22T12:32:22","guid":{"rendered":"https:\/\/smr13filmfestival.com\/?page_id=1168"},"modified":"2022-12-22T17:53:53","modified_gmt":"2022-12-22T16:53:53","slug":"conditions-generales-de-vente","status":"publish","type":"page","link":"https:\/\/smr13filmfestival.com\/en\/conditions-generales-de-vente\/","title":{"rendered":"Conditions G\u00e9n\u00e9rales de Vente"},"content":{"rendered":"<style>#kt-layout-id_09831e-d4 > .kt-row-column-wrap{align-content:start}:where(#kt-layout-id_09831e-d4 > .kt-row-column-wrap) > .wp-block-kadence-column{justify-content:start}#kt-layout-id_09831e-d4 > .kt-row-column-wrap{column-gap:var(--global-kb-gap-md,2rem);row-gap:var(--global-kb-gap-md,2rem);max-width:var(--global-content-width,1290px);padding-left:var(--global-content-edge-padding);padding-right:var(--global-content-edge-padding);padding-top:var(--global-kb-row-default-top,25px);padding-bottom:var(--global-kb-row-default-bottom,25px);padding-top:150px;padding-bottom:60px;grid-template-columns:minmax(0,1fr)}#kt-layout-id_09831e-d4 > .kt-row-layout-overlay{opacity:1;background-image:linear-gradient(112deg,var(--global-palette1,#3182CE) 0%,var(--global-palette2,#2B6CB0) 100%);mix-blend-mode:multiply}@media all and (max-width:1024px){#kt-layout-id_09831e-d4 > .kt-row-column-wrap{grid-template-columns:minmax(0,1fr)}}@media all and (max-width:767px){#kt-layout-id_09831e-d4 > .kt-row-column-wrap{grid-template-columns:minmax(0,1fr)}}<\/style>\n<div class=\"wp-block-kadence-rowlayout alignnone\"><div id=\"kt-layout-id_09831e-d4\" class=\"kt-row-layout-inner kt-row-has-bg kt-layout-id_09831e-d4\"><div class=\"kt-row-layout-overlay kt-row-overlay-gradient\"><\/div><div class=\"kt-row-column-wrap kt-has-1-columns kt-gutter-default kt-v-gutter-default kt-row-valign-top kt-row-layout-equal kt-tab-layout-inherit kt-m-colapse-left-to-right kt-mobile-layout-row kb-theme-content-width\"><style>.kadence-column_148793-d2 > .kt-inside-inner-col{border-top-width:0px;border-right-width:0px;border-bottom-width:0px;border-left-width:0px}.kadence-column_148793-d2 > .kt-inside-inner-col,.kadence-column_148793-d2 > .kt-inside-inner-col:before{border-top-left-radius:0px;border-top-right-radius:0px;border-bottom-right-radius:0px;border-bottom-left-radius:0px}.kadence-column_148793-d2 > .kt-inside-inner-col{column-gap:var(--global-kb-gap-sm,1rem)}.kadence-column_148793-d2 > .kt-inside-inner-col{flex-direction:column}.kadence-column_148793-d2 > .kt-inside-inner-col > .aligncenter{width:100%}.kadence-column_148793-d2 > .kt-inside-inner-col:before{opacity:0.3}.kadence-column_148793-d2{position:relative}@media all and (max-width:1024px){.kadence-column_148793-d2 > .kt-inside-inner-col{flex-direction:column;justify-content:center}}@media all and (max-width:767px){.kadence-column_148793-d2 > .kt-inside-inner-col{flex-direction:column;justify-content:center}}<\/style>\n<div class=\"wp-block-kadence-column inner-column-1 kadence-column_148793-d2\"><div class=\"kt-inside-inner-col\"><style>.wp-block-kadence-advancedheading.kt-adv-heading_f37391-2c,.wp-block-kadence-advancedheading.kt-adv-heading_f37391-2c[data-kb-block=\"kb-adv-heading_f37391-2c\"]{text-align:left;font-style:normal;text-transform:uppercase}.wp-block-kadence-advancedheading.kt-adv-heading_f37391-2c mark.kt-highlight,.wp-block-kadence-advancedheading.kt-adv-heading_f37391-2c[data-kb-block=\"kb-adv-heading_f37391-2c\"] mark.kt-highlight{font-style:normal;color:#f76a0c;-webkit-box-decoration-break:clone;box-decoration-break:clone;padding-top:0px;padding-right:0px;padding-bottom:0px;padding-left:0px}<\/style>\n<h2 class=\"kt-adv-heading_f37391-2c wp-block-kadence-advancedheading has-theme-palette-9-color has-text-color\" data-kb-block=\"kb-adv-heading_f37391-2c\">Conditions G\u00e9n\u00e9rales de Vente<\/h2>\n<\/div><\/div>\n<\/div><\/div><\/div>\n\n\n<style>.kadence-column_15176b-23 > .kt-inside-inner-col{border-top-width:0px;border-right-width:0px;border-bottom-width:0px;border-left-width:0px}.kadence-column_15176b-23 > .kt-inside-inner-col,.kadence-column_15176b-23 > .kt-inside-inner-col:before{border-top-left-radius:0px;border-top-right-radius:0px;border-bottom-right-radius:0px;border-bottom-left-radius:0px}.kadence-column_15176b-23 > .kt-inside-inner-col{column-gap:var(--global-kb-gap-sm,1rem)}.kadence-column_15176b-23 > .kt-inside-inner-col{flex-direction:column}.kadence-column_15176b-23 > .kt-inside-inner-col > .aligncenter{width:100%}.kadence-column_15176b-23 > .kt-inside-inner-col:before{opacity:0.3}.kadence-column_15176b-23{position:relative}.wp-block-kadence-column.kadence-column_15176b-23 > .kt-inside-inner-col{margin-top:50px;margin-bottom:100px;margin-right:100px;margin-left:100px}@media all and (max-width:1024px){.kadence-column_15176b-23 > .kt-inside-inner-col{flex-direction:column;justify-content:center}}@media all and (max-width:767px){.kadence-column_15176b-23 > .kt-inside-inner-col{flex-direction:column;justify-content:center}}<\/style>\n<div class=\"wp-block-kadence-column inner-column-1 kadence-column_15176b-23\"><div class=\"kt-inside-inner-col\">\n<h2 class=\"wp-block-heading\">Tarifs et modalit\u00e9s de paiement <\/h2>\n\n\n\n<p>La billetterie, aussi appel\u00e9e le \u00ab\u00a0shop\u00a0\u00bb, \u00e0 l&rsquo;adresse www.smr13filmfestival.com\/shop est d\u00e9di\u00e9e \u00e0 l&rsquo;achat de tickets (Pass Festival) permettant l&rsquo;acc\u00e8s aux projections pendant la dur\u00e9e du festival, et \u00e9galement \u00e0 l&rsquo;achat de \u00ab\u00a0goodies\u00a0\u00bb, objets d\u00e9di\u00e9s aux festivaliers. L&rsquo;AFCI se r\u00e9serve le droit de modifier les tarifs sans pr\u00e9avis. Les paiements en ligne s&rsquo;effectuent uniquement au moyen de l&rsquo;interm\u00e9diaire Paypal (www.paypal.com), soit via un compte Paypal soit par carte de cr\u00e9dit.<\/p>\n\n\n\n<h2 class=\"wp-block-heading\">Droit de r\u00e9tractation<\/h2>\n\n\n\n<p>Du fait de l\u2019ex\u00e9cution imm\u00e9diate et de la nature virtuelle de la billetterie le droit de r\u00e9tractation apr\u00e8s paiement ne peut \u00eatre exerc\u00e9.<\/p>\n\n\n\n<h2 class=\"wp-block-heading\">Donn\u00e9es Personnelles<\/h2>\n\n\n\n<p>Pour en savoir plus, consultez notre <a href=\"https:\/\/smr13filmfestival.com\/en\/politique-de-confidentialite\/\" data-type=\"page\" data-id=\"3\">Politique de Confidentialit\u00e9<\/a>.<\/p>\n<\/div><\/div>","protected":false},"excerpt":{"rendered":"<p>Conditions G\u00e9n\u00e9rales de Vente Tarifs et modalit\u00e9s de paiement La billetterie, aussi appel\u00e9e le \u00ab\u00a0shop\u00a0\u00bb, \u00e0 l&rsquo;adresse www.smr13filmfestival.com\/shop est d\u00e9di\u00e9e \u00e0 l&rsquo;achat de tickets (Pass Festival) permettant l&rsquo;acc\u00e8s aux projections pendant la dur\u00e9e du festival, et \u00e9galement \u00e0 l&rsquo;achat de \u00ab\u00a0goodies\u00a0\u00bb, objets d\u00e9di\u00e9s aux festivaliers. L&rsquo;AFCI se r\u00e9serve le droit de modifier les tarifs sans&#8230;<\/p>","protected":false},"author":1,"featured_media":0,"parent":0,"menu_order":0,"comment_status":"closed","ping_status":"closed","template":"","meta":{"_kad_post_transparent":"","_kad_post_title":"","_kad_post_layout":"","_kad_post_sidebar_id":"","_kad_post_content_style":"","_kad_post_vertical_padding":"","_kad_post_feature":"","_kad_post_feature_position":"","_kad_post_header":false,"_kad_post_footer":false,"_kad_post_classname":"","footnotes":""},"class_list":["post-1168","page","type-page","status-publish","hentry"],"_links":{"self":[{"href":"https:\/\/smr13filmfestival.com\/en\/wp-json\/wp\/v2\/pages\/1168","targetHints":{"allow":["GET"]}}],"collection":[{"href":"https:\/\/smr13filmfestival.com\/en\/wp-json\/wp\/v2\/pages"}],"about":[{"href":"https:\/\/smr13filmfestival.com\/en\/wp-json\/wp\/v2\/types\/page"}],"author":[{"embeddable":true,"href":"https:\/\/smr13filmfestival.com\/en\/wp-json\/wp\/v2\/users\/1"}],"replies":[{"embeddable":true,"href":"https:\/\/smr13filmfestival.com\/en\/wp-json\/wp\/v2\/comments?post=1168"}],"version-history":[{"count":2,"href":"https:\/\/smr13filmfestival.com\/en\/wp-json\/wp\/v2\/pages\/1168\/revisions"}],"predecessor-version":[{"id":1273,"href":"https:\/\/smr13filmfestival.com\/en\/wp-json\/wp\/v2\/pages\/1168\/revisions\/1273"}],"wp:attachment":[{"href":"https:\/\/smr13filmfestival.com\/en\/wp-json\/wp\/v2\/media?parent=1168"}],"curies":[{"name":"wp","href":"https:\/\/api.w.org\/{rel}","templated":true}]}}