{"id":1000,"date":"2022-12-21T16:17:17","date_gmt":"2022-12-21T15:17:17","guid":{"rendered":"https:\/\/smr13filmfestival.com\/?page_id=1000"},"modified":"2023-10-08T09:56:07","modified_gmt":"2023-10-08T07:56:07","slug":"contact-reservation","status":"publish","type":"page","link":"https:\/\/smr13filmfestival.com\/en\/contact-reservation\/","title":{"rendered":"Contact : R\u00e9servation"},"content":{"rendered":"<style>.kb-row-layout-id1000_a7fc01-03 > .kt-row-column-wrap{align-content:start}:where(.kb-row-layout-id1000_a7fc01-03 > .kt-row-column-wrap) > .wp-block-kadence-column{justify-content:start}.kb-row-layout-id1000_a7fc01-03 > .kt-row-column-wrap{column-gap:var(--global-kb-gap-md,2rem);row-gap:var(--global-kb-gap-md,2rem);max-width:var(--global-content-width,1290px);padding-left:var(--global-content-edge-padding);padding-right:var(--global-content-edge-padding);padding-top:150px;padding-bottom:60px;grid-template-columns:minmax(0,1fr)}.kb-row-layout-id1000_a7fc01-03 > .kt-row-layout-overlay{opacity:1;background:linear-gradient(112deg,var(--global-palette1) 0%,var(--global-palette2) 100%);mix-blend-mode:multiply}@media all and (max-width:1024px){.kb-row-layout-id1000_a7fc01-03 > .kt-row-column-wrap{grid-template-columns:minmax(0,1fr)}}@media all and (max-width:767px){.kb-row-layout-id1000_a7fc01-03 > .kt-row-column-wrap{grid-template-columns:minmax(0,1fr)}}<\/style><div class=\"kb-row-layout-wrap kb-row-layout-id1000_a7fc01-03 alignnone kt-row-has-bg wp-block-kadence-rowlayout\"><div class=\"kt-row-layout-overlay kt-row-overlay-gradient\"><\/div><div class=\"kt-row-column-wrap kt-has-1-columns kt-row-layout-equal kt-tab-layout-inherit kt-mobile-layout-row kt-row-valign-top kb-theme-content-width\">\n<style>.kadence-column1000_634fc2-5d > .kt-inside-inner-col,.kadence-column1000_634fc2-5d > .kt-inside-inner-col:before{border-top-left-radius:0px;border-top-right-radius:0px;border-bottom-right-radius:0px;border-bottom-left-radius:0px}.kadence-column1000_634fc2-5d > .kt-inside-inner-col{column-gap:var(--global-kb-gap-sm,1rem)}.kadence-column1000_634fc2-5d > .kt-inside-inner-col{flex-direction:column}.kadence-column1000_634fc2-5d > .kt-inside-inner-col > .aligncenter{width:100%}.kadence-column1000_634fc2-5d > .kt-inside-inner-col:before{opacity:0.3}.kadence-column1000_634fc2-5d{position:relative}@media all and (max-width:1024px){.kadence-column1000_634fc2-5d > .kt-inside-inner-col{flex-direction:column;justify-content:center}}@media all and (max-width:767px){.kadence-column1000_634fc2-5d > .kt-inside-inner-col{flex-direction:column;justify-content:center}}<\/style>\n<div class=\"wp-block-kadence-column kadence-column1000_634fc2-5d inner-column-1\"><div class=\"kt-inside-inner-col\"><style>.wp-block-kadence-advancedheading.kt-adv-heading1000_a69771-9a,.wp-block-kadence-advancedheading.kt-adv-heading1000_a69771-9a[data-kb-block=\"kb-adv-heading1000_a69771-9a\"]{text-align:left;font-style:normal;text-transform:uppercase}.wp-block-kadence-advancedheading.kt-adv-heading1000_a69771-9a mark.kt-highlight,.wp-block-kadence-advancedheading.kt-adv-heading1000_a69771-9a[data-kb-block=\"kb-adv-heading1000_a69771-9a\"] mark.kt-highlight{font-style:normal;color:#f76a0c;-webkit-box-decoration-break:clone;box-decoration-break:clone;padding-top:0px;padding-right:0px;padding-bottom:0px;padding-left:0px}<\/style>\n<h2 class=\"kt-adv-heading1000_a69771-9a wp-block-kadence-advancedheading has-theme-palette-9-color has-text-color\" data-kb-block=\"kb-adv-heading1000_a69771-9a\">Contact<\/h2>\n<\/div><\/div>\n\n<\/div><\/div>\n\n<style>.kb-row-layout-id1000_090d0e-70 > .kt-row-column-wrap{align-content:start}:where(.kb-row-layout-id1000_090d0e-70 > .kt-row-column-wrap) > .wp-block-kadence-column{justify-content:start}.kb-row-layout-id1000_090d0e-70 > .kt-row-column-wrap{column-gap:80px;row-gap:var(--global-kb-gap-md,2rem);max-width:var(--global-content-width,1290px);padding-left:var(--global-content-edge-padding);padding-right:var(--global-content-edge-padding);padding-top:25px;padding-bottom:200px;grid-template-columns:repeat(2,minmax(0,1fr))}.kb-row-layout-id1000_090d0e-70 > .kt-row-layout-overlay{opacity:0.30}@media all and (max-width:1024px){.kb-row-layout-id1000_090d0e-70 > .kt-row-column-wrap{grid-template-columns:repeat(2,minmax(0,1fr))}}@media all and (max-width:767px){.kb-row-layout-id1000_090d0e-70 > .kt-row-column-wrap{grid-template-columns:minmax(0,1fr)}}<\/style><div class=\"kb-row-layout-wrap kb-row-layout-id1000_090d0e-70 alignnone wp-block-kadence-rowlayout\"><div class=\"kt-row-column-wrap kt-has-2-columns kt-row-layout-equal kt-tab-layout-inherit kt-mobile-layout-row kt-row-valign-top kb-theme-content-width\">\n<style>.kadence-column1000_2177fb-02 > .kt-inside-inner-col,.kadence-column1000_2177fb-02 > .kt-inside-inner-col:before{border-top-left-radius:0px;border-top-right-radius:0px;border-bottom-right-radius:0px;border-bottom-left-radius:0px}.kadence-column1000_2177fb-02 > .kt-inside-inner-col{column-gap:var(--global-kb-gap-sm,1rem)}.kadence-column1000_2177fb-02 > .kt-inside-inner-col{flex-direction:column}.kadence-column1000_2177fb-02 > .kt-inside-inner-col > .aligncenter{width:100%}.kadence-column1000_2177fb-02 > .kt-inside-inner-col:before{opacity:0.3}.kadence-column1000_2177fb-02{position:relative}@media all and (max-width:1024px){.kadence-column1000_2177fb-02 > .kt-inside-inner-col{flex-direction:column;justify-content:center}}@media all and (max-width:767px){.kadence-column1000_2177fb-02 > .kt-inside-inner-col{flex-direction:column;justify-content:center}}<\/style>\n<div class=\"wp-block-kadence-column kadence-column1000_2177fb-02 inner-column-1\"><div class=\"kt-inside-inner-col\"><style>.wp-block-kadence-advancedheading.kt-adv-heading1000_96ae76-d9,.wp-block-kadence-advancedheading.kt-adv-heading1000_96ae76-d9[data-kb-block=\"kb-adv-heading1000_96ae76-d9\"]{font-style:normal}.wp-block-kadence-advancedheading.kt-adv-heading1000_96ae76-d9 mark.kt-highlight,.wp-block-kadence-advancedheading.kt-adv-heading1000_96ae76-d9[data-kb-block=\"kb-adv-heading1000_96ae76-d9\"] mark.kt-highlight{font-style:normal;color:#f76a0c;-webkit-box-decoration-break:clone;box-decoration-break:clone;padding-top:0px;padding-right:0px;padding-bottom:0px;padding-left:0px}<\/style>\n<h3 class=\"kt-adv-heading1000_96ae76-d9 wp-block-kadence-advancedheading has-theme-palette-4-color has-text-color\" data-kb-block=\"kb-adv-heading1000_96ae76-d9\">Booking<\/h3>\n\n\n\n<p>Please indicate the number of seats reserved and the first and last name of each person. Please note: we are not able to guarantee your seated placement. Please make a reservation via our ticketing service.<\/p>\n\n\n<style>.kt-accordion-id1000_7d18ec-53 .kt-accordion-inner-wrap{column-gap:var(--global-kb-gap-md,2rem);row-gap:10px}.kt-accordion-id1000_7d18ec-53 .kt-accordion-panel-inner{border-top:0px solid transparent;border-right:0px solid transparent;border-bottom:0px solid transparent;border-left:0px solid transparent;padding-top:var(--global-kb-spacing-sm,1.5rem);padding-right:var(--global-kb-spacing-sm,1.5rem);padding-bottom:var(--global-kb-spacing-sm,1.5rem);padding-left:var(--global-kb-spacing-sm,1.5rem)}.kt-accordion-id1000_7d18ec-53 > .kt-accordion-inner-wrap > .wp-block-kadence-pane > .kt-accordion-header-wrap > .kt-blocks-accordion-header{border-top-left-radius:6px;border-top-right-radius:6px;border-bottom-right-radius:6px;border-bottom-left-radius:6px;background:var(--global-palette8,#F7FAFC);font-size:18px;line-height:24px;letter-spacing:0px;font-family:'Public Sans';font-weight:400;text-transform:none;color:var(--global-palette3,#1A202C);padding-top:14px;padding-right:16px;padding-bottom:14px;padding-left:16px}.kt-accordion-id1000_7d18ec-53:not(.kt-accodion-icon-style-basiccircle):not(.kt-accodion-icon-style-xclosecircle):not(.kt-accodion-icon-style-arrowcircle) > .kt-accordion-inner-wrap > .wp-block-kadence-pane > .kt-accordion-header-wrap .kt-blocks-accordion-icon-trigger:after,.kt-accordion-id1000_7d18ec-53:not(.kt-accodion-icon-style-basiccircle):not(.kt-accodion-icon-style-xclosecircle):not(.kt-accodion-icon-style-arrowcircle) > .kt-accordion-inner-wrap > .wp-block-kadence-pane > .kt-accordion-header-wrap .kt-blocks-accordion-icon-trigger:before{background:var(--global-palette3,#1A202C)}.kt-accordion-id1000_7d18ec-53:not(.kt-accodion-icon-style-basic):not(.kt-accodion-icon-style-xclose):not(.kt-accodion-icon-style-arrow) .kt-blocks-accordion-icon-trigger{background:var(--global-palette3,#1A202C)}.kt-accordion-id1000_7d18ec-53:not(.kt-accodion-icon-style-basic):not(.kt-accodion-icon-style-xclose):not(.kt-accodion-icon-style-arrow) .kt-blocks-accordion-icon-trigger:after,.kt-accordion-id1000_7d18ec-53:not(.kt-accodion-icon-style-basic):not(.kt-accodion-icon-style-xclose):not(.kt-accodion-icon-style-arrow) .kt-blocks-accordion-icon-trigger:before{background:var(--global-palette8,#F7FAFC)}.kt-accordion-id1000_7d18ec-53 > .kt-accordion-inner-wrap > .wp-block-kadence-pane > .kt-accordion-header-wrap > .kt-blocks-accordion-header:hover,\n\t\t\t\tbody:not(.hide-focus-outline) .kt-accordion-id1000_7d18ec-53 .kt-blocks-accordion-header:focus-visible{color:var(--global-palette9,#ffffff);background:var(--global-palette1,#3182CE)}.kt-accordion-id1000_7d18ec-53:not(.kt-accodion-icon-style-basiccircle):not(.kt-accodion-icon-style-xclosecircle):not(.kt-accodion-icon-style-arrowcircle) .kt-accordion-header-wrap .kt-blocks-accordion-header:hover .kt-blocks-accordion-icon-trigger:after,.kt-accordion-id1000_7d18ec-53:not(.kt-accodion-icon-style-basiccircle):not(.kt-accodion-icon-style-xclosecircle):not(.kt-accodion-icon-style-arrowcircle) .kt-accordion-header-wrap .kt-blocks-accordion-header:hover .kt-blocks-accordion-icon-trigger:before,body:not(.hide-focus-outline) .kt-accordion-id1000_7d18ec-53:not(.kt-accodion-icon-style-basiccircle):not(.kt-accodion-icon-style-xclosecircle):not(.kt-accodion-icon-style-arrowcircle) .kt-blocks-accordion--visible .kt-blocks-accordion-icon-trigger:after,body:not(.hide-focus-outline) .kt-accordion-id1000_7d18ec-53:not(.kt-accodion-icon-style-basiccircle):not(.kt-accodion-icon-style-xclosecircle):not(.kt-accodion-icon-style-arrowcircle) .kt-blocks-accordion-header:focus-visible .kt-blocks-accordion-icon-trigger:before{background:var(--global-palette9,#ffffff)}.kt-accordion-id1000_7d18ec-53:not(.kt-accodion-icon-style-basic):not(.kt-accodion-icon-style-xclose):not(.kt-accodion-icon-style-arrow) .kt-accordion-header-wrap .kt-blocks-accordion-header:hover .kt-blocks-accordion-icon-trigger,body:not(.hide-focus-outline) .kt-accordion-id1000_7d18ec-53:not(.kt-accodion-icon-style-basic):not(.kt-accodion-icon-style-xclose):not(.kt-accodion-icon-style-arrow) .kt-accordion-header-wrap .kt-blocks-accordion-header:focus-visible .kt-blocks-accordion-icon-trigger{background:var(--global-palette9,#ffffff)}.kt-accordion-id1000_7d18ec-53:not(.kt-accodion-icon-style-basic):not(.kt-accodion-icon-style-xclose):not(.kt-accodion-icon-style-arrow) .kt-accordion-header-wrap .kt-blocks-accordion-header:hover .kt-blocks-accordion-icon-trigger:after,.kt-accordion-id1000_7d18ec-53:not(.kt-accodion-icon-style-basic):not(.kt-accodion-icon-style-xclose):not(.kt-accodion-icon-style-arrow) .kt-accordion-header-wrap .kt-blocks-accordion-header:hover .kt-blocks-accordion-icon-trigger:before,body:not(.hide-focus-outline) .kt-accordion-id1000_7d18ec-53:not(.kt-accodion-icon-style-basic):not(.kt-accodion-icon-style-xclose):not(.kt-accodion-icon-style-arrow) .kt-accordion-header-wrap .kt-blocks-accordion-header:focus-visible .kt-blocks-accordion-icon-trigger:after,body:not(.hide-focus-outline) .kt-accordion-id1000_7d18ec-53:not(.kt-accodion-icon-style-basic):not(.kt-accodion-icon-style-xclose):not(.kt-accodion-icon-style-arrow) .kt-accordion-header-wrap .kt-blocks-accordion-header:focus-visible .kt-blocks-accordion-icon-trigger:before{background:var(--global-palette1,#3182CE)}.kt-accordion-id1000_7d18ec-53 .kt-accordion-header-wrap .kt-blocks-accordion-header:focus-visible,\n\t\t\t\t.kt-accordion-id1000_7d18ec-53 > .kt-accordion-inner-wrap > .wp-block-kadence-pane > .kt-accordion-header-wrap > .kt-blocks-accordion-header.kt-accordion-panel-active{color:var(--global-palette9,#ffffff);background:var(--global-palette1,#3182CE);border-top-color:#555555;border-top-style:solid;border-right-color:#555555;border-right-style:solid;border-bottom-color:#555555;border-bottom-style:solid;border-left-color:#555555;border-left-style:solid}.kt-accordion-id1000_7d18ec-53:not(.kt-accodion-icon-style-basiccircle):not(.kt-accodion-icon-style-xclosecircle):not(.kt-accodion-icon-style-arrowcircle) > .kt-accordion-inner-wrap > .wp-block-kadence-pane > .kt-accordion-header-wrap > .kt-blocks-accordion-header.kt-accordion-panel-active .kt-blocks-accordion-icon-trigger:after,.kt-accordion-id1000_7d18ec-53:not(.kt-accodion-icon-style-basiccircle):not(.kt-accodion-icon-style-xclosecircle):not(.kt-accodion-icon-style-arrowcircle) > .kt-accordion-inner-wrap > .wp-block-kadence-pane > .kt-accordion-header-wrap > .kt-blocks-accordion-header.kt-accordion-panel-active .kt-blocks-accordion-icon-trigger:before{background:var(--global-palette9,#ffffff)}.kt-accordion-id1000_7d18ec-53:not(.kt-accodion-icon-style-basic):not(.kt-accodion-icon-style-xclose):not(.kt-accodion-icon-style-arrow) .kt-blocks-accordion-header.kt-accordion-panel-active .kt-blocks-accordion-icon-trigger{background:var(--global-palette9,#ffffff)}.kt-accordion-id1000_7d18ec-53:not(.kt-accodion-icon-style-basic):not(.kt-accodion-icon-style-xclose):not(.kt-accodion-icon-style-arrow) .kt-blocks-accordion-header.kt-accordion-panel-active .kt-blocks-accordion-icon-trigger:after,.kt-accordion-id1000_7d18ec-53:not(.kt-accodion-icon-style-basic):not(.kt-accodion-icon-style-xclose):not(.kt-accodion-icon-style-arrow) .kt-blocks-accordion-header.kt-accordion-panel-active .kt-blocks-accordion-icon-trigger:before{background:var(--global-palette1,#3182CE)}@media all and (max-width:1024px){.kt-accordion-id1000_7d18ec-53 .kt-accordion-panel-inner{border-top:0px solid transparent;border-right:0px solid transparent;border-bottom:0px solid transparent;border-left:0px solid transparent}}@media all and (max-width:1024px){.kt-accordion-id1000_7d18ec-53 .kt-accordion-header-wrap .kt-blocks-accordion-header:focus-visible,\n\t\t\t\t.kt-accordion-id1000_7d18ec-53 > .kt-accordion-inner-wrap > .wp-block-kadence-pane > .kt-accordion-header-wrap > .kt-blocks-accordion-header.kt-accordion-panel-active{border-top-color:#555555;border-top-style:solid;border-right-color:#555555;border-right-style:solid;border-bottom-color:#555555;border-bottom-style:solid;border-left-color:#555555;border-left-style:solid}}@media all and (max-width:767px){.kt-accordion-id1000_7d18ec-53 .kt-accordion-inner-wrap{display:block}.kt-accordion-id1000_7d18ec-53 .kt-accordion-inner-wrap .kt-accordion-pane:not(:first-child){margin-top:10px}.kt-accordion-id1000_7d18ec-53 .kt-accordion-panel-inner{border-top:0px solid transparent;border-right:0px solid transparent;border-bottom:0px solid transparent;border-left:0px solid transparent}.kt-accordion-id1000_7d18ec-53 .kt-accordion-header-wrap .kt-blocks-accordion-header:focus-visible,\n\t\t\t\t.kt-accordion-id1000_7d18ec-53 > .kt-accordion-inner-wrap > .wp-block-kadence-pane > .kt-accordion-header-wrap > .kt-blocks-accordion-header.kt-accordion-panel-active{border-top-color:#555555;border-top-style:solid;border-right-color:#555555;border-right-style:solid;border-bottom-color:#555555;border-bottom-style:solid;border-left-color:#555555;border-left-style:solid}}<\/style>\n<div class=\"wp-block-kadence-accordion alignnone\"><div class=\"kt-accordion-wrap kt-accordion-id1000_7d18ec-53 kt-accordion-has-6-panes kt-active-pane-0 kt-accordion-block kt-pane-header-alignment-left kt-accodion-icon-style-basiccircle kt-accodion-icon-side-right\" style=\"max-width:none\"><div class=\"kt-accordion-inner-wrap\" data-allow-multiple-open=\"false\" data-start-open=\"none\">\n<div class=\"wp-block-kadence-pane kt-accordion-pane kt-accordion-pane-1 kt-pane1000_84cd5b-ac\"><div class=\"kt-accordion-header-wrap\"><button class=\"kt-blocks-accordion-header kt-acccordion-button-label-show\"><span class=\"kt-blocks-accordion-title-wrap\"><span class=\"kt-blocks-accordion-title\">Where can I reserve seats?<\/span><\/span><span class=\"kt-blocks-accordion-icon-trigger\"><\/span><\/button><\/div><div class=\"kt-accordion-panel kt-accordion-panel-hidden\"><div class=\"kt-accordion-panel-inner\">\n<p>Directly online from the website:&nbsp;<a href=\"https:\/\/smr13filmfestival.com\/en\/shop\/\" data-type=\"page\" data-id=\"885\">Shop<\/a>. Student tickets are only sold on site. For any reservation without payment you can contact us here.<\/p>\n<\/div><\/div><\/div>\n\n\n\n<div class=\"wp-block-kadence-pane kt-accordion-pane kt-accordion-pane-2 kt-pane1000_5a5b71-5e\"><div class=\"kt-accordion-header-wrap\"><button class=\"kt-blocks-accordion-header kt-acccordion-button-label-show\"><span class=\"kt-blocks-accordion-title-wrap\"><span class=\"kt-blocks-accordion-title\">I can't make it, can I get my money back?<\/span><\/span><span class=\"kt-blocks-accordion-icon-trigger\"><\/span><\/button><\/div><div class=\"kt-accordion-panel kt-accordion-panel-hidden\"><div class=\"kt-accordion-panel-inner\">\n<p>No. Tickets cannot be returned or exchanged, and cannot be transferred as they are personal.<\/p>\n<\/div><\/div><\/div>\n\n\n\n<div class=\"wp-block-kadence-pane kt-accordion-pane kt-accordion-pane-3 kt-pane1000_251aea-24\"><div class=\"kt-accordion-header-wrap\"><button class=\"kt-blocks-accordion-header kt-acccordion-button-label-show\"><span class=\"kt-blocks-accordion-title-wrap\"><span class=\"kt-blocks-accordion-title\">Can I buy tickets during the festival?<\/span><\/span><span class=\"kt-blocks-accordion-icon-trigger\"><\/span><\/button><\/div><div class=\"kt-accordion-panel kt-accordion-panel-hidden\"><div class=\"kt-accordion-panel-inner\">\n<p>Yes, individual seats and passes are available for purchase at La Manare in the reception\/ticketing area.<\/p>\n<\/div><\/div><\/div>\n\n\n\n<div class=\"wp-block-kadence-pane kt-accordion-pane kt-accordion-pane-4 kt-pane1000_c551c7-fa\"><div class=\"kt-accordion-header-wrap\"><button class=\"kt-blocks-accordion-header kt-acccordion-button-label-show\"><span class=\"kt-blocks-accordion-title-wrap\"><span class=\"kt-blocks-accordion-title\">Am I entitled to a reduced rate?<\/span><\/span><span class=\"kt-blocks-accordion-icon-trigger\"><\/span><\/button><\/div><div class=\"kt-accordion-panel kt-accordion-panel-hidden\"><div class=\"kt-accordion-panel-inner\">\n<p>If you are a student, you get a 50% discount. In this case, the places are to be taken directly on the spot.<\/p>\n<\/div><\/div><\/div>\n\n\n\n<div class=\"wp-block-kadence-pane kt-accordion-pane kt-accordion-pane-5 kt-pane1000_a099e8-84\"><div class=\"kt-accordion-header-wrap\"><button class=\"kt-blocks-accordion-header kt-acccordion-button-label-show\"><span class=\"kt-blocks-accordion-title-wrap\"><span class=\"kt-blocks-accordion-title\">My film will be shown, do I still need to reserve seats?<\/span><\/span><span class=\"kt-blocks-accordion-icon-trigger\"><\/span><\/button><\/div><div class=\"kt-accordion-panel kt-accordion-panel-hidden\"><div class=\"kt-accordion-panel-inner\">\n<p>If your film is part of the selection, two passes are offered. However, you will need to bring additional passes if other members of the film's team wish to attend.<\/p>\n<\/div><\/div><\/div>\n\n\n\n<div class=\"wp-block-kadence-pane kt-accordion-pane kt-accordion-pane-6 kt-pane1000_91785e-4d\"><div class=\"kt-accordion-header-wrap\"><button class=\"kt-blocks-accordion-header kt-acccordion-button-label-show\"><span class=\"kt-blocks-accordion-title-wrap\"><span class=\"kt-blocks-accordion-title\">I did not receive the Festival Pass after I purchased it.<\/span><\/span><span class=\"kt-blocks-accordion-icon-trigger\"><\/span><\/button><\/div><div class=\"kt-accordion-panel kt-accordion-panel-hidden\"><div class=\"kt-accordion-panel-inner\">\n<p>All passes (as well as individual seats) are to be collected directly on site upon arrival. All you have to do is indicate your name and, if applicable, present your invoice.<\/p>\n<\/div><\/div><\/div>\n<\/div><\/div><\/div>\n<\/div><\/div>\n\n\n<style>.kadence-column1000_e69881-db > .kt-inside-inner-col{padding-top:40px;padding-right:20px;padding-bottom:40px;padding-left:20px}.kadence-column1000_e69881-db > .kt-inside-inner-col,.kadence-column1000_e69881-db > .kt-inside-inner-col:before{border-top-left-radius:10px;border-top-right-radius:10px;border-bottom-right-radius:10px;border-bottom-left-radius:10px}.kadence-column1000_e69881-db > .kt-inside-inner-col{column-gap:var(--global-kb-gap-sm,1rem)}.kadence-column1000_e69881-db > .kt-inside-inner-col{flex-direction:column}.kadence-column1000_e69881-db > .kt-inside-inner-col > .aligncenter{width:100%}.kadence-column1000_e69881-db > .kt-inside-inner-col{background-color:var(--global-palette7,#EDF2F7)}.kadence-column1000_e69881-db > .kt-inside-inner-col:before{opacity:0.3}.kadence-column1000_e69881-db{position:relative}@media all and (max-width:1024px){.kadence-column1000_e69881-db > .kt-inside-inner-col{flex-direction:column;justify-content:center}}@media all and (max-width:767px){.kadence-column1000_e69881-db > .kt-inside-inner-col{padding-top:20px;padding-right:0px;padding-bottom:20px;padding-left:0px;flex-direction:column;justify-content:center}}<\/style>\n<div class=\"wp-block-kadence-column kadence-column1000_e69881-db inner-column-2\"><div class=\"kt-inside-inner-col\"><style>.wp-block-kadence-form.kadence-form-1000_fb6188-e5.kb-form-wrap{margin-top:30px;margin-right:30px;margin-bottom:30px;margin-left:30px}.kadence-form-1000_fb6188-e5 .kb-form .kadence-blocks-form-field .kb-text-style-field,.kadence-form-1000_fb6188-e5 .kb-form .kadence-blocks-form-field .kb-select-style-field{color:var(--global-palette5,#4A5568);background:var(--global-palette9,#ffffff);border-color:var(--global-palette7,#EDF2F7)}.kadence-form-1000_fb6188-e5 .kb-form .kadence-blocks-form-field > label{color:var(--global-palette4,#2D3748);text-transform:none;font-weight:bold}.kadence-form-1000_fb6188-e5 .kb-form .kadence-blocks-form-field .kb-forms-submit{margin-top:20px}.kadence-form-1000_fb6188-e5 .kb-form .kadence-blocks-form-field .kb-forms-submit{text-transform:uppercase}<\/style>\n<div class=\"wp-block-kadence-form kadence-form-1000_fb6188-e5 kb-form-wrap\"><form class=\"kb-form\" action=\"\" method=\"post\" data-error-message=\"Merci de compl\u00e9ter tous les champs avant d'envoyer votre message.\" data-trp-original-action=\"\"><div class=\"kadence-blocks-form-field kb-field-desk-width-50 kb-input-size-standard\"><label for=\"kb_field_1000_fb6188-e5_0\">Firstname<span class=\"required\">*<\/span><\/label><input name=\"kb_field_0\" id=\"kb_field_1000_fb6188-e5_0\" data-label=\"Pr\u00e9nom\" type=\"text\" placeholder=\"Steven\" value=\"\" data-type=\"text\" class=\"kb-field kb-text-style-field kb-text-field kb-field-0\" data-required=\"yes\" data-required-message=\"Pr\u00e9nom n\u00e9cessaire\"\/><\/div><div class=\"kadence-blocks-form-field kb-form-field-1 kb-field-desk-width-50 kb-input-size-standard\"><label for=\"kb_field_1000_fb6188-e5_1\">Lastname<span class=\"required\">*<\/span><\/label><input name=\"kb_field_1\" id=\"kb_field_1000_fb6188-e5_1\" data-label=\"Nom\" type=\"text\" placeholder=\"Spielberg\" value=\"\" data-type=\"text\" class=\"kb-field kb-text-style-field kb-text-field kb-field-1\" data-required=\"yes\" data-required-message=\"Nom n\u00e9cessaire\"\/><\/div><div class=\"kadence-blocks-form-field kb-form-field-2 kb-field-desk-width-100 kb-input-size-standard\"><label for=\"kb_field_1000_fb6188-e5_2\">Email<span class=\"required\">*<\/span><\/label><input name=\"kb_field_2\" id=\"kb_field_1000_fb6188-e5_2\" data-label=\"Email\" type=\"email\" placeholder=\"steven.spielberg@mail.com\" value=\"\" data-type=\"email\" class=\"kb-field kb-text-style-field kb-email-field kb-field-2\" data-required=\"yes\" data-required-message=\"Email n\u00e9cessaire\" data-validation-message=\"Email invalide\"\/><\/div><div class=\"kadence-blocks-form-field kb-form-field-3 kb-field-desk-width-100 kb-input-size-standard\"><label for=\"kb_field_1000_fb6188-e5_3\">Message<span class=\"required\">*<\/span><\/label><textarea name=\"kb_field_3\" id=\"kb_field_1000_fb6188-e5_3\" data-label=\"Message\" type=\"textarea\" placeholder=\"Your message...\" data-type=\"textarea\" class=\"kb-field kb-text-style-field kb-textarea-field kb-field-3\" rows=\"6\" data-required=\"yes\" data-required-message=\"Message n\u00e9cessaire\"><\/textarea><\/div><input type=\"hidden\" name=\"_kb_form_id\" value=\"1000_fb6188-e5\"\/><input type=\"hidden\" name=\"_kb_form_post_id\" value=\"1000\"\/><input type=\"hidden\" name=\"action\" value=\"kb_process_ajax_submit\"\/><div class=\"kadence-blocks-form-field kb-submit-field kb-field-desk-width-100\"><button class=\"kb-forms-submit button kb-button-size-large kb-button-width-full\">Send<\/button><\/div><input type=\"hidden\" name=\"trp-form-language\" value=\"en\"\/><\/form><\/div>\n<noscript><div class=\"kadence-blocks-form-message kadence-blocks-form-warning\">Please enable JavaScript in your browser to submit the form<\/div><style>.kadence-form-1000_fb6188-e5 .kadence-blocks-form-field.kb-submit-field{display:none}<\/style><\/noscript><\/div><\/div>\n\n<\/div><\/div>","protected":false},"excerpt":{"rendered":"<p>Contact R\u00e9servation Merci d&rsquo;indiquer le nombre de places r\u00e9serv\u00e9es ainsi que le pr\u00e9nom et le nom de chaque personne.<\/p>","protected":false},"author":1,"featured_media":0,"parent":0,"menu_order":0,"comment_status":"closed","ping_status":"closed","template":"","meta":{"_kad_post_transparent":"","_kad_post_title":"","_kad_post_layout":"","_kad_post_sidebar_id":"","_kad_post_content_style":"","_kad_post_vertical_padding":"","_kad_post_feature":"","_kad_post_feature_position":"","_kad_post_header":false,"_kad_post_footer":false,"_kad_post_classname":"","footnotes":""},"class_list":["post-1000","page","type-page","status-publish","hentry"],"_links":{"self":[{"href":"https:\/\/smr13filmfestival.com\/en\/wp-json\/wp\/v2\/pages\/1000","targetHints":{"allow":["GET"]}}],"collection":[{"href":"https:\/\/smr13filmfestival.com\/en\/wp-json\/wp\/v2\/pages"}],"about":[{"href":"https:\/\/smr13filmfestival.com\/en\/wp-json\/wp\/v2\/types\/page"}],"author":[{"embeddable":true,"href":"https:\/\/smr13filmfestival.com\/en\/wp-json\/wp\/v2\/users\/1"}],"replies":[{"embeddable":true,"href":"https:\/\/smr13filmfestival.com\/en\/wp-json\/wp\/v2\/comments?post=1000"}],"version-history":[{"count":9,"href":"https:\/\/smr13filmfestival.com\/en\/wp-json\/wp\/v2\/pages\/1000\/revisions"}],"predecessor-version":[{"id":1871,"href":"https:\/\/smr13filmfestival.com\/en\/wp-json\/wp\/v2\/pages\/1000\/revisions\/1871"}],"wp:attachment":[{"href":"https:\/\/smr13filmfestival.com\/en\/wp-json\/wp\/v2\/media?parent=1000"}],"curies":[{"name":"wp","href":"https:\/\/api.w.org\/{rel}","templated":true}]}}